{"id":3850,"date":"2025-11-07T07:36:56","date_gmt":"2025-11-07T07:36:56","guid":{"rendered":"https:\/\/psychedelicanxiety.com\/?post_type=product&#038;p=3850"},"modified":"2025-12-15T16:12:05","modified_gmt":"2025-12-15T16:12:05","slug":"acheter-dilaudid-sans-prescription-au-quebec","status":"publish","type":"product","link":"https:\/\/psychedelicanxiety.com\/de\/produkt\/acheter-dilaudid-sans-prescription-au-quebec\/","title":{"rendered":"Acheter Dilaudid sans prescription au Qu\u00e9bec"},"content":{"rendered":"<h1><strong>Acheter Dilaudid sans prescription au Qu\u00e9bec<\/strong><\/h1>\n<p>Vous souhaitez\u00a0<strong>acheter Dilaudid sans prescription au Qu\u00e9bec<\/strong> ? <a href=\"https:\/\/psychedelicanxiety.com\/de\/produkt\/buy-dilaudid-online\/\">psychedelicanxiety.com<\/a>\u00a0vous offre une solution pratique pour\u00a0<strong>commander Dilaudid sans ordonnance au Qu\u00e9bec<\/strong>. D\u00e9couvrez comment vous pouvez\u00a0<strong>acheter Dilaudid en ligne sans prescription au Qu\u00e9bec<\/strong>\u00a0et b\u00e9n\u00e9ficier d\u2019une\u00a0<strong>livraison discr\u00e8te<\/strong>\u00a0et efficace.<\/p>\n<h2><strong>Pourquoi Choisir Familliprix.ca pour Acheter Dilaudid Sans Prescription<\/strong><\/h2>\n<h3>Acheter Dilaudid Sans Ordonnance au Qu\u00e9bec<\/h3>\n<p><a href=\"https:\/\/psychedelicanxiety.com\/de\/produkt\/buy-dilaudid-online\/\">psychedelicanxiety.com<\/a> se distingue comme la meilleure option pour <strong>acheter Dilaudid sans ordonnance au Qu\u00e9bec<\/strong>. Nous proposons une plateforme s\u00e9curis\u00e9e et facile \u00e0 utiliser pour\u00a0<strong>commander Dilaudid sans prescription m\u00e9dicale au Qu\u00e9bec<\/strong>. Notre objectif est de simplifier le processus tout en garantissant la confidentialit\u00e9 et la satisfaction du client.<\/p>\n<h3><strong>Commander Dilaudid Sans Prescription M\u00e9dicale au Qu\u00e9bec<\/strong><\/h3>\n<p>Lorsque vous\u00a0<strong>commandez Dilaudid sans prescription m\u00e9dicale au Qu\u00e9bec<\/strong>, vous b\u00e9n\u00e9ficiez de la commodit\u00e9 de notre service en ligne. <a href=\"https:\/\/psychedelicanxiety.com\/de\/produkt\/buy-dilaudid-online\/\">psychedelicanxiety.com<\/a>\u00a0assure une\u00a0<strong>livraison discr\u00e8te<\/strong>\u00a0et rapide pour que vous receviez vos produits sans tracas. Nous nous engageons \u00e0 traiter chaque commande avec soin et efficacit\u00e9.<\/p>\n<h3><strong>Acheter Dilaudid en Ligne Qu\u00e9bec Sans Ordonnance<\/strong><\/h3>\n<p>Sur <a href=\"https:\/\/psychedelicanxiety.com\/de\/produkt\/buy-dilaudid-online\/\">psychedelicanxiety.com<\/a>, vous pouvez facilement\u00a0<strong>acheter Dilaudid en ligne Qu\u00e9bec sans ordonnance<\/strong>. Notre site est con\u00e7u pour offrir une exp\u00e9rience utilisateur fluide, vous permettant de passer commande en quelques clics. Nous vous fournissons toutes les informations n\u00e9cessaires pour que votre achat soit transparent et s\u00e9curis\u00e9.<\/p>\n<h3><strong>O\u00f9 Acheter Dilaudid Sans Prescription au Qu\u00e9bec<\/strong><\/h3>\n<p>Si vous vous demandez\u00a0<strong>o\u00f9 acheter Dilaudid sans prescription au Qu\u00e9bec<\/strong>, <a href=\"https:\/\/psychedelicanxiety.com\/de\/produkt\/buy-dilaudid-online\/\">psychedelicanxiety.com<\/a>\u00a0est votre r\u00e9ponse. Nous avons mis en place un service d\u00e9di\u00e9 pour vous permettre de\u00a0<strong>commander Dilaudid sans ordonnance<\/strong>\u00a0tout en garantissant une\u00a0<strong>livraison discr\u00e8te<\/strong>\u00a0et rapide. Profitez de la commodit\u00e9 de notre service en ligne pour obtenir le produit dont vous avez besoin.<\/p>\n<h3><strong>Fournisseur de Dilaudid Sans Prescription au Qu\u00e9bec<\/strong><\/h3>\n<p><a href=\"https:\/\/psychedelicanxiety.com\/de\/produkt\/buy-dilaudid-online\/\">psychedelicanxiety.com<\/a> se positionne comme un <strong>fournisseur de Dilaudid sans prescription au Qu\u00e9bec<\/strong>\u00a0de confiance. Nous collaborons avec des partenaires fiables pour vous offrir des produits de haute qualit\u00e9. Lorsque vous\u00a0<strong>achetez Dilaudid sans ordonnance en ligne au Qu\u00e9bec<\/strong>, vous pouvez avoir l\u2019assurance que vous recevez des produits authentiques et s\u00e9curis\u00e9s.<\/p>\n<h3><strong>Acheter Dilaudid Sans Ordonnance En Ligne au Qu\u00e9bec<\/strong><\/h3>\n<p>Acheter\u00a0<strong>Dilaudid sans ordonnance en ligne au Qu\u00e9bec<\/strong> est facile avec <a href=\"https:\/\/psychedelicanxiety.com\/de\/produkt\/buy-dilaudid-online\/\">psychedelicanxiety.com<\/a>. Notre plateforme en ligne est con\u00e7ue pour simplifier le processus d\u2019achat tout en assurant la s\u00e9curit\u00e9 de vos informations personnelles. Vous pouvez passer commande en toute confiance, sachant que nous offrons une\u00a0<strong>livraison discr\u00e8te<\/strong>\u00a0et rapide.<\/p>\n<h3><strong>Dilaudid Livraison Discr\u00e8te Qu\u00e9bec<\/strong><\/h3>\n<p>Nous comprenons l\u2019importance de la\u00a0<strong>discr\u00e9tion<\/strong>\u00a0lorsque vous\u00a0<strong>achetez Dilaudid sans ordonnance au Qu\u00e9bec<\/strong>. psychedelicanxiety.com\u00a0garantit une\u00a0<strong>livraison discr\u00e8te<\/strong>\u00a0pour prot\u00e9ger votre vie priv\u00e9e. Votre commande sera soigneusement emball\u00e9e pour garantir la confidentialit\u00e9, et nous nous assurerons qu\u2019elle vous parvienne dans les meilleurs d\u00e9lais.<\/p>\n<h3><strong>Commander Dilaudid Sans Prescription M\u00e9dicale<\/strong><\/h3>\n<p>Pour\u00a0<strong>commander Dilaudid sans prescription m\u00e9dicale<\/strong>, <a href=\"https:\/\/psychedelicanxiety.com\/de\/produkt\/buy-dilaudid-online\/\">psychedelicanxiety.com<\/a>\u00a0offre une solution pratique et s\u00e9curis\u00e9e. Notre site est optimis\u00e9 pour rendre le processus d\u2019achat aussi simple que possible. Vous pouvez\u00a0<strong>acheter Dilaudid sans ordonnance<\/strong>\u00a0en ligne avec la tranquillit\u00e9 d\u2019esprit, sachant que votre commande sera trait\u00e9e rapidement et en toute s\u00e9curit\u00e9.<\/p>\n<h3><strong>Comment Commander Dilaudid Sans Prescription au Qu\u00e9bec<\/strong><\/h3>\n<h3>\u00c9tape 1 : Visitez <a href=\"https:\/\/psychedelicanxiety.com\/de\/produkt\/buy-dilaudid-online\/\">psychedelicanxiety.com<\/a><\/h3>\n<p>Pour\u00a0<strong>acheter Dilaudid sans prescription au Qu\u00e9bec<\/strong>, commencez par visiter notre site <a href=\"https:\/\/psychedelicanxiety.com\/de\/produkt\/buy-dilaudid-online\/\">psychedelicanxiety.com<\/a>. Vous y trouverez une interface conviviale vous permettant de naviguer facilement \u00e0 travers nos produits.<\/p>\n<h3>\u00c9tape 2 : S\u00e9lectionnez Votre Produit<\/h3>\n<p>Une fois sur notre site, s\u00e9lectionnez le produit d\u00e9sir\u00e9. Nous proposons\u00a0<a href=\"https:\/\/www.canadapharmacy.com\/prescription\">Dilaudid sans ordonnance<\/a>\u00a0en diff\u00e9rentes quantit\u00e9s pour r\u00e9pondre \u00e0 vos besoins sp\u00e9cifiques.<\/p>\n<h3>\u00c9tape 3 : Passez Votre Commande<\/h3>\n<p>Apr\u00e8s avoir choisi votre produit, proc\u00e9dez au paiement. <a href=\"https:\/\/psychedelicanxiety.com\/de\/produkt\/buy-dilaudid-online\/\">psychedelicanxiety.com<\/a>\u00a0accepte diverses m\u00e9thodes de paiement s\u00e9curis\u00e9es pour faciliter votre achat. Nous nous engageons \u00e0 traiter votre commande rapidement et discr\u00e8tement.<\/p>\n<h3>\u00c9tape 4 : Recevez Votre Commande<\/h3>\n<p>Nous nous assurons que votre commande est exp\u00e9di\u00e9e avec\u00a0<strong>discr\u00e9tion<\/strong>. Vous recevrez\u00a0<strong>Dilaudid sans ordonnance<\/strong>\u00a0directement \u00e0 votre porte dans les d\u00e9lais les plus courts possibles.<\/p>\n<h2><strong>Pourquoi Acheter Dilaudid Sans Prescription au Qu\u00e9bec<\/strong><\/h2>\n<h3>Commodit\u00e9 et Accessibilit\u00e9<\/h3>\n<p><strong>Acheter Dilaudid sans prescription au Qu\u00e9bec<\/strong>\u00a0vous offre une commodit\u00e9 in\u00e9gal\u00e9e. Vous pouvez\u00a0<strong>commander Dilaudid sans ordonnance<\/strong>\u00a0sans avoir \u00e0 vous rendre dans une pharmacie physique, \u00e9conomisant ainsi du temps et des efforts.<\/p>\n<h3><a href=\"https:\/\/www.canadapharmacy.com\/prescription\">Livraison Discr\u00e8te et Rapide<\/a><\/h3>\n<p><a href=\"https:\/\/psychedelicanxiety.com\/de\/produkt\/buy-dilaudid-online\/\">psychedelicanxiety.com<\/a> se sp\u00e9cialise dans la <strong>livraison discr\u00e8te<\/strong>. Nous comprenons que la confidentialit\u00e9 est cruciale lorsque vous\u00a0<strong>achetez Dilaudid sans ordonnance au Qu\u00e9bec<\/strong>, et nous nous engageons \u00e0 livrer votre commande de mani\u00e8re rapide et discr\u00e8te.<\/p>\n<h3><strong>Qualit\u00e9 et S\u00e9curit\u00e9<\/strong><\/h3>\n<p>Nous collaborons avec des fournisseurs fiables pour garantir la qualit\u00e9 de\u00a0<strong>Dilaudid sans ordonnance<\/strong>\u00a0que nous proposons. Vous pouvez \u00eatre assur\u00e9 que vous recevez un produit authentique et s\u00e9curis\u00e9 lorsque vous\u00a0<strong>commandez Dilaudid sans prescription m\u00e9dicale au Qu\u00e9bec<\/strong>.<\/p>\n<h2><strong>T\u00e9moignages de Clients<\/strong><\/h2>\n<h3>Exp\u00e9rience Positive<\/h3>\n<p>Nos clients appr\u00e9cient le service rapide et discret que nous offrons. Voici quelques t\u00e9moignages de personnes qui ont\u00a0<strong>achet\u00e9 Dilaudid sans ordonnance<\/strong> via psychedelicanxiety.com\u00a0:<\/p>\n<ul>\n<li>\u00ab J\u2019ai \u00e9t\u00e9 tr\u00e8s satisfait de la rapidit\u00e9 de la livraison et de la discr\u00e9tion du service. Je recommande vivement <a href=\"https:\/\/psychedelicanxiety.com\/de\/produkt\/buy-dilaudid-online\/\">psychedelicanxiety.com<\/a>.\u00a0\u00bb \u2013 Jean D.<\/li>\n<li>\u00ab\u00a0Le processus de commande \u00e9tait simple et s\u00e9curis\u00e9. J\u2019ai re\u00e7u mon\u00a0<strong>Dilaudid sans ordonnance<\/strong>\u00a0en un rien de temps.\u00a0\u00bb \u2013 Marie L.<\/li>\n<\/ul>\n<h3><a href=\"https:\/\/psychedelicanxiety.com\/de\/produkt\/buy-dilaudid-online\/\">Service Client Exemplaire<\/a><\/h3>\n<p>Notre service client est disponible pour r\u00e9pondre \u00e0 toutes vos questions concernant l\u2019achat de\u00a0<strong>Dilaudid sans ordonnance<\/strong>. N\u2019h\u00e9sitez pas \u00e0 nous contacter pour toute information ou assistance.<\/p>\n<h2>Conclusion<\/h2>\n<p>Si vous cherchez \u00e0\u00a0<strong>acheter Dilaudid sans prescription au Qu\u00e9bec<\/strong>, <a href=\"https:\/\/psychedelicanxiety.com\/de\/produkt\/buy-dilaudid-online\/\">psychedelicanxiety.com<\/a>\u00a0est la solution id\u00e9ale. Avec notre plateforme en ligne s\u00e9curis\u00e9e, vous pouvez\u00a0<strong>commander Dilaudid sans ordonnance<\/strong>\u00a0en toute simplicit\u00e9 et b\u00e9n\u00e9ficier d\u2019une\u00a0<strong>livraison discr\u00e8te<\/strong>\u00a0et rapide. Nous nous engageons \u00e0 vous offrir un service de qualit\u00e9 pour r\u00e9pondre \u00e0 vos besoins en toute confidentialit\u00e9.<\/p>","protected":false},"excerpt":{"rendered":"<p><strong>Acheter Dilaudid<\/strong> sans prescription au Qu\u00e9bec en toute confiance sur <a href=\"https:\/\/psychedelicanxiety.com\/de\/produkt\/buy-dilaudid-online\/\">psychedelicanxiety.com<\/a>, votre pharmacie en ligne pour des m\u00e9dicaments sans ordonnance, avec une livraison discr\u00e8te et rapide.<\/p>\n<ol>\n<li><strong>Livraison et qualit\u00e9 garanties \u00e0 100 %.<\/strong><\/li>\n<li><strong>Livraison express disponible en 24 heures.<\/strong><\/li>\n<li><strong>Num\u00e9ros de suivi disponibles avec r\u00e9f\u00e9rences.<\/strong><\/li>\n<li><strong>Exp\u00e9dition s\u00e9curis\u00e9e et discr\u00e8te, d\u00e9lai de livraison : 1 \u00e0 3 jours selon la localisation.<\/strong><\/li>\n<li><strong>Meilleurs prix, exp\u00e9dition discr\u00e8te.<\/strong><\/li>\n<li><strong>Remboursement garanti \u00e0 100 %.<\/strong><\/li>\n<\/ol>","protected":false},"featured_media":3851,"template":"","meta":[],"product_cat":[1077,184],"product_tag":[1084,1085,1081,1086,1087,1088,1089],"yoast_head":"<!-- This site is optimized with the Yoast SEO plugin v22.2 - https:\/\/yoast.com\/wordpress\/plugins\/seo\/ -->\n<title>Acheter Dilaudid sans prescription au Qu\u00e9bec - Psychedelic Anxiety<\/title>\n<meta name=\"description\" content=\"Acheter Dilaudid sans prescription au Qu\u00e9bec vous permettre de commander Dilaudid sans ordonnance tout en garantissant une livraison discr\u00e8te et rapide.\" \/>\n<meta name=\"robots\" content=\"index, follow, max-snippet:-1, max-image-preview:large, max-video-preview:-1\" \/>\n<link rel=\"canonical\" href=\"https:\/\/psychedelicanxiety.com\/de\/produkt\/acheter-dilaudid-sans-prescription-au-quebec\/\" \/>\n<meta property=\"og:locale\" content=\"de_DE\" \/>\n<meta property=\"og:type\" content=\"article\" \/>\n<meta property=\"og:title\" content=\"Acheter Dilaudid sans prescription au Qu\u00e9bec - Psychedelic Anxiety\" \/>\n<meta property=\"og:description\" content=\"Acheter Dilaudid sans prescription au Qu\u00e9bec vous permettre de commander Dilaudid sans ordonnance tout en garantissant une livraison discr\u00e8te et rapide.\" \/>\n<meta property=\"og:url\" content=\"https:\/\/psychedelicanxiety.com\/de\/produkt\/acheter-dilaudid-sans-prescription-au-quebec\/\" \/>\n<meta property=\"og:site_name\" content=\"Psychedelic Anxiety\" \/>\n<meta property=\"article:modified_time\" content=\"2025-12-15T16:12:05+00:00\" \/>\n<meta property=\"og:image\" content=\"https:\/\/psychedelicanxiety.com\/wp-content\/uploads\/2025\/11\/Dilaudid-4mg-2-768x1024-3737402306.jpg\" \/>\n\t<meta property=\"og:image:width\" content=\"768\" \/>\n\t<meta property=\"og:image:height\" content=\"1024\" \/>\n\t<meta property=\"og:image:type\" content=\"image\/jpeg\" \/>\n<meta name=\"twitter:card\" content=\"summary_large_image\" \/>\n<meta name=\"twitter:label1\" content=\"Gesch\u00e4tzte Lesezeit\" \/>\n\t<meta name=\"twitter:data1\" content=\"5\u00a0Minuten\" \/>\n<script type=\"application\/ld+json\" class=\"yoast-schema-graph\">{\"@context\":\"https:\/\/schema.org\",\"@graph\":[{\"@type\":\"WebPage\",\"@id\":\"https:\/\/psychedelicanxiety.com\/product\/acheter-dilaudid-sans-prescription-au-quebec\/\",\"url\":\"https:\/\/psychedelicanxiety.com\/product\/acheter-dilaudid-sans-prescription-au-quebec\/\",\"name\":\"Acheter Dilaudid sans prescription au Qu\u00e9bec - Psychedelic Anxiety\",\"isPartOf\":{\"@id\":\"https:\/\/psychedelicanxiety.com\/#website\"},\"primaryImageOfPage\":{\"@id\":\"https:\/\/psychedelicanxiety.com\/product\/acheter-dilaudid-sans-prescription-au-quebec\/#primaryimage\"},\"image\":{\"@id\":\"https:\/\/psychedelicanxiety.com\/product\/acheter-dilaudid-sans-prescription-au-quebec\/#primaryimage\"},\"thumbnailUrl\":\"https:\/\/psychedelicanxiety.com\/wp-content\/uploads\/2025\/11\/Dilaudid-4mg-2-768x1024-3737402306.jpg\",\"datePublished\":\"2025-11-07T07:36:56+00:00\",\"dateModified\":\"2025-12-15T16:12:05+00:00\",\"description\":\"Acheter Dilaudid sans prescription au Qu\u00e9bec vous permettre de commander Dilaudid sans ordonnance tout en garantissant une livraison discr\u00e8te et rapide.\",\"breadcrumb\":{\"@id\":\"https:\/\/psychedelicanxiety.com\/product\/acheter-dilaudid-sans-prescription-au-quebec\/#breadcrumb\"},\"inLanguage\":\"de\",\"potentialAction\":[{\"@type\":\"ReadAction\",\"target\":[\"https:\/\/psychedelicanxiety.com\/product\/acheter-dilaudid-sans-prescription-au-quebec\/\"]}]},{\"@type\":\"ImageObject\",\"inLanguage\":\"de\",\"@id\":\"https:\/\/psychedelicanxiety.com\/product\/acheter-dilaudid-sans-prescription-au-quebec\/#primaryimage\",\"url\":\"https:\/\/psychedelicanxiety.com\/wp-content\/uploads\/2025\/11\/Dilaudid-4mg-2-768x1024-3737402306.jpg\",\"contentUrl\":\"https:\/\/psychedelicanxiety.com\/wp-content\/uploads\/2025\/11\/Dilaudid-4mg-2-768x1024-3737402306.jpg\",\"width\":768,\"height\":1024,\"caption\":\"Acheter Dilaudid sans prescription au Qu\u00e9bec\"},{\"@type\":\"BreadcrumbList\",\"@id\":\"https:\/\/psychedelicanxiety.com\/product\/acheter-dilaudid-sans-prescription-au-quebec\/#breadcrumb\",\"itemListElement\":[{\"@type\":\"ListItem\",\"position\":1,\"name\":\"Home\",\"item\":\"https:\/\/psychedelicanxiety.com\/\"},{\"@type\":\"ListItem\",\"position\":2,\"name\":\"Shop\",\"item\":\"https:\/\/psychedelicanxiety.com\/shop\/\"},{\"@type\":\"ListItem\",\"position\":3,\"name\":\"Acheter Dilaudid sans prescription au Qu\u00e9bec\"}]},{\"@type\":\"WebSite\",\"@id\":\"https:\/\/psychedelicanxiety.com\/#website\",\"url\":\"https:\/\/psychedelicanxiety.com\/\",\"name\":\"Psychedelic Anxiety\",\"description\":\"The Psychedelic Anxiety | Your Nearby Drug Store\",\"publisher\":{\"@id\":\"https:\/\/psychedelicanxiety.com\/#organization\"},\"potentialAction\":[{\"@type\":\"SearchAction\",\"target\":{\"@type\":\"EntryPoint\",\"urlTemplate\":\"https:\/\/psychedelicanxiety.com\/?s={search_term_string}\"},\"query-input\":\"required name=search_term_string\"}],\"inLanguage\":\"de\"},{\"@type\":\"Organization\",\"@id\":\"https:\/\/psychedelicanxiety.com\/#organization\",\"name\":\"Psychedelic Anxiety\",\"url\":\"https:\/\/psychedelicanxiety.com\/\",\"logo\":{\"@type\":\"ImageObject\",\"inLanguage\":\"de\",\"@id\":\"https:\/\/psychedelicanxiety.com\/#\/schema\/logo\/image\/\",\"url\":\"https:\/\/psychedelicanxiety.com\/wp-content\/uploads\/2020\/07\/63UmLh-LogoMakr.png\",\"contentUrl\":\"https:\/\/psychedelicanxiety.com\/wp-content\/uploads\/2020\/07\/63UmLh-LogoMakr.png\",\"width\":250,\"height\":81,\"caption\":\"Psychedelic Anxiety\"},\"image\":{\"@id\":\"https:\/\/psychedelicanxiety.com\/#\/schema\/logo\/image\/\"}}]}<\/script>\n<!-- \/ Yoast SEO plugin. -->","yoast_head_json":{"title":"Acheter Dilaudid sans prescription au Qu\u00e9bec - Psychedelic Anxiety","description":"Acheter Dilaudid sans prescription au Qu\u00e9bec vous permettre de commander Dilaudid sans ordonnance tout en garantissant une livraison discr\u00e8te et rapide.","robots":{"index":"index","follow":"follow","max-snippet":"max-snippet:-1","max-image-preview":"max-image-preview:large","max-video-preview":"max-video-preview:-1"},"canonical":"https:\/\/psychedelicanxiety.com\/de\/produkt\/acheter-dilaudid-sans-prescription-au-quebec\/","og_locale":"de_DE","og_type":"article","og_title":"Acheter Dilaudid sans prescription au Qu\u00e9bec - Psychedelic Anxiety","og_description":"Acheter Dilaudid sans prescription au Qu\u00e9bec vous permettre de commander Dilaudid sans ordonnance tout en garantissant une livraison discr\u00e8te et rapide.","og_url":"https:\/\/psychedelicanxiety.com\/de\/produkt\/acheter-dilaudid-sans-prescription-au-quebec\/","og_site_name":"Psychedelic Anxiety","article_modified_time":"2025-12-15T16:12:05+00:00","og_image":[{"width":768,"height":1024,"url":"https:\/\/psychedelicanxiety.com\/wp-content\/uploads\/2025\/11\/Dilaudid-4mg-2-768x1024-3737402306.jpg","type":"image\/jpeg"}],"twitter_card":"summary_large_image","twitter_misc":{"Gesch\u00e4tzte Lesezeit":"5\u00a0Minuten"},"schema":{"@context":"https:\/\/schema.org","@graph":[{"@type":"WebPage","@id":"https:\/\/psychedelicanxiety.com\/product\/acheter-dilaudid-sans-prescription-au-quebec\/","url":"https:\/\/psychedelicanxiety.com\/product\/acheter-dilaudid-sans-prescription-au-quebec\/","name":"Acheter Dilaudid sans prescription au Qu\u00e9bec - Psychedelic Anxiety","isPartOf":{"@id":"https:\/\/psychedelicanxiety.com\/#website"},"primaryImageOfPage":{"@id":"https:\/\/psychedelicanxiety.com\/product\/acheter-dilaudid-sans-prescription-au-quebec\/#primaryimage"},"image":{"@id":"https:\/\/psychedelicanxiety.com\/product\/acheter-dilaudid-sans-prescription-au-quebec\/#primaryimage"},"thumbnailUrl":"https:\/\/psychedelicanxiety.com\/wp-content\/uploads\/2025\/11\/Dilaudid-4mg-2-768x1024-3737402306.jpg","datePublished":"2025-11-07T07:36:56+00:00","dateModified":"2025-12-15T16:12:05+00:00","description":"Acheter Dilaudid sans prescription au Qu\u00e9bec vous permettre de commander Dilaudid sans ordonnance tout en garantissant une livraison discr\u00e8te et rapide.","breadcrumb":{"@id":"https:\/\/psychedelicanxiety.com\/product\/acheter-dilaudid-sans-prescription-au-quebec\/#breadcrumb"},"inLanguage":"de","potentialAction":[{"@type":"ReadAction","target":["https:\/\/psychedelicanxiety.com\/product\/acheter-dilaudid-sans-prescription-au-quebec\/"]}]},{"@type":"ImageObject","inLanguage":"de","@id":"https:\/\/psychedelicanxiety.com\/product\/acheter-dilaudid-sans-prescription-au-quebec\/#primaryimage","url":"https:\/\/psychedelicanxiety.com\/wp-content\/uploads\/2025\/11\/Dilaudid-4mg-2-768x1024-3737402306.jpg","contentUrl":"https:\/\/psychedelicanxiety.com\/wp-content\/uploads\/2025\/11\/Dilaudid-4mg-2-768x1024-3737402306.jpg","width":768,"height":1024,"caption":"Acheter Dilaudid sans prescription au Qu\u00e9bec"},{"@type":"BreadcrumbList","@id":"https:\/\/psychedelicanxiety.com\/product\/acheter-dilaudid-sans-prescription-au-quebec\/#breadcrumb","itemListElement":[{"@type":"ListItem","position":1,"name":"Home","item":"https:\/\/psychedelicanxiety.com\/"},{"@type":"ListItem","position":2,"name":"Shop","item":"https:\/\/psychedelicanxiety.com\/shop\/"},{"@type":"ListItem","position":3,"name":"Acheter Dilaudid sans prescription au Qu\u00e9bec"}]},{"@type":"WebSite","@id":"https:\/\/psychedelicanxiety.com\/#website","url":"https:\/\/psychedelicanxiety.com\/","name":"Psychedelic Anxiety","description":"The Psychedelic Anxiety | Your Nearby Drug Store","publisher":{"@id":"https:\/\/psychedelicanxiety.com\/#organization"},"potentialAction":[{"@type":"SearchAction","target":{"@type":"EntryPoint","urlTemplate":"https:\/\/psychedelicanxiety.com\/?s={search_term_string}"},"query-input":"required name=search_term_string"}],"inLanguage":"de"},{"@type":"Organization","@id":"https:\/\/psychedelicanxiety.com\/#organization","name":"Psychedelic Anxiety","url":"https:\/\/psychedelicanxiety.com\/","logo":{"@type":"ImageObject","inLanguage":"de","@id":"https:\/\/psychedelicanxiety.com\/#\/schema\/logo\/image\/","url":"https:\/\/psychedelicanxiety.com\/wp-content\/uploads\/2020\/07\/63UmLh-LogoMakr.png","contentUrl":"https:\/\/psychedelicanxiety.com\/wp-content\/uploads\/2020\/07\/63UmLh-LogoMakr.png","width":250,"height":81,"caption":"Psychedelic Anxiety"},"image":{"@id":"https:\/\/psychedelicanxiety.com\/#\/schema\/logo\/image\/"}}]}},"_links":{"self":[{"href":"https:\/\/psychedelicanxiety.com\/de\/wp-json\/wp\/v2\/product\/3850"}],"collection":[{"href":"https:\/\/psychedelicanxiety.com\/de\/wp-json\/wp\/v2\/product"}],"about":[{"href":"https:\/\/psychedelicanxiety.com\/de\/wp-json\/wp\/v2\/types\/product"}],"wp:featuredmedia":[{"embeddable":true,"href":"https:\/\/psychedelicanxiety.com\/de\/wp-json\/wp\/v2\/media\/3851"}],"wp:attachment":[{"href":"https:\/\/psychedelicanxiety.com\/de\/wp-json\/wp\/v2\/media?parent=3850"}],"wp:term":[{"taxonomy":"product_cat","embeddable":true,"href":"https:\/\/psychedelicanxiety.com\/de\/wp-json\/wp\/v2\/product_cat?post=3850"},{"taxonomy":"product_tag","embeddable":true,"href":"https:\/\/psychedelicanxiety.com\/de\/wp-json\/wp\/v2\/product_tag?post=3850"}],"curies":[{"name":"wp","href":"https:\/\/api.w.org\/{rel}","templated":true}]}}